{"id":229,"date":"2025-10-14T13:29:54","date_gmt":"2025-10-14T11:29:54","guid":{"rendered":"https:\/\/rogne.io\/?page_id=229"},"modified":"2025-10-19T14:49:17","modified_gmt":"2025-10-19T12:49:17","slug":"mentions-legales","status":"publish","type":"page","link":"https:\/\/rogne.io\/en\/mentions-legales\/","title":{"rendered":"Legal notices"},"content":{"rendered":"<h2 class=\"wp-block-heading\"><strong>\u00c9diteur du site :<\/strong><\/h2>\n\n\n\n<p>Nom de la soci\u00e9t\u00e9 \u00e9ditrice: Dimitri Tonnaire Communication<br>Email : bonjour@rogne.io<br>SIREN : 842 564 346<\/p>\n\n\n\n<h2 class=\"wp-block-heading\"><strong>H\u00e9bergement :<\/strong><\/h2>\n\n\n\n<p>H\u00e9bergeur : HOSTINGER INTERNATIONAL LTD (AS47583)<br>H\u00e9berg\u00e9 en France (Paris)<br>Contact:\u00a0<a href=\"https:\/\/www.hostinger.fr\/contact\" target=\"_blank\" rel=\"noreferrer noopener\">https:\/\/www.hostinger.fr\/contact<\/a><\/p>\n\n\n\n<h2 class=\"wp-block-heading\"><strong>Responsable de publication :<\/strong><\/h2>\n\n\n\n<p>Dimitri Tonnaire<\/p>\n\n\n\n<h2 class=\"wp-block-heading\"><strong>Propri\u00e9t\u00e9 intellectuelle :<\/strong><\/h2>\n\n\n\n<p>Tous les contenus pr\u00e9sents sur ce site (textes, images, logos, etc.) sont la propri\u00e9t\u00e9 exclusive de Rogn\u00e9.io, sauf mention contraire explicite. Toute reproduction, modification ou distribution, m\u00eame partielle, est interdite sans autorisation pr\u00e9alable.<\/p>\n\n\n\n<h2 class=\"wp-block-heading\"><strong>Conditions d\u2019utilisation :<\/strong><\/h2>\n\n\n\n<p>En utilisant ce site, vous acceptez la <a href=\"https:\/\/rogne.io\/en\/politique-de-confidentialite\/\">politique de confidentialit\u00e9<\/a> ainsi que les <a href=\"https:\/\/rogne.io\/en\/conditions-generales-de-vente-cgv\/\">conditions g\u00e9n\u00e9rales de vente<\/a>.<\/p>","protected":false},"excerpt":{"rendered":"<p>\u00c9diteur du site : Nom de la soci\u00e9t\u00e9 \u00e9ditrice: Dimitri Tonnaire CommunicationEmail : bonjour@rogne.ioSIREN : 842 564 346 H\u00e9bergement : H\u00e9bergeur : HOSTINGER INTERNATIONAL LTD (AS47583)H\u00e9berg\u00e9 en France (Paris)Contact:\u00a0https:\/\/www.hostinger.fr\/contact Responsable de publication : Dimitri Tonnaire Propri\u00e9t\u00e9 intellectuelle : Tous les contenus pr\u00e9sents sur ce site (textes, images, logos, etc.) sont la propri\u00e9t\u00e9 exclusive de Rogn\u00e9.io, [&hellip;]<\/p>","protected":false},"author":1,"featured_media":0,"parent":0,"menu_order":0,"comment_status":"closed","ping_status":"closed","template":"","meta":{"_acf_changed":false,"footnotes":""},"class_list":["post-229","page","type-page","status-publish","hentry"],"acf":[],"yoast_head":"<!-- This site is optimized with the Yoast SEO plugin v26.6 - https:\/\/yoast.com\/wordpress\/plugins\/seo\/ -->\n<title>Mentions l\u00e9gales - Rogn\u00e9.io - raccourcisseur de liens URL<\/title>\n<meta name=\"robots\" content=\"index, follow, max-snippet:-1, max-image-preview:large, max-video-preview:-1\" \/>\n<link rel=\"canonical\" href=\"https:\/\/rogne.io\/en\/mentions-legales\/\" \/>\n<meta property=\"og:locale\" content=\"en_US\" \/>\n<meta property=\"og:type\" content=\"article\" \/>\n<meta property=\"og:title\" content=\"Mentions l\u00e9gales - Rogn\u00e9.io - raccourcisseur de liens URL\" \/>\n<meta property=\"og:description\" content=\"\u00c9diteur du site : Nom de la soci\u00e9t\u00e9 \u00e9ditrice: Dimitri Tonnaire CommunicationEmail : bonjour@rogne.ioSIREN : 842 564 346 H\u00e9bergement : H\u00e9bergeur : HOSTINGER INTERNATIONAL LTD (AS47583)H\u00e9berg\u00e9 en France (Paris)Contact:\u00a0https:\/\/www.hostinger.fr\/contact Responsable de publication : Dimitri Tonnaire Propri\u00e9t\u00e9 intellectuelle : Tous les contenus pr\u00e9sents sur ce site (textes, images, logos, etc.) sont la propri\u00e9t\u00e9 exclusive de Rogn\u00e9.io, [&hellip;]\" \/>\n<meta property=\"og:url\" content=\"https:\/\/rogne.io\/en\/mentions-legales\/\" \/>\n<meta property=\"og:site_name\" content=\"Rogn\u00e9.io - raccourcisseur de liens URL\" \/>\n<meta property=\"article:modified_time\" content=\"2025-10-19T12:49:17+00:00\" \/>\n<meta property=\"og:image\" content=\"https:\/\/rogne.io\/wp-content\/uploads\/2025\/10\/Original@2x.png\" \/>\n\t<meta property=\"og:image:width\" content=\"2400\" \/>\n\t<meta property=\"og:image:height\" content=\"664\" \/>\n\t<meta property=\"og:image:type\" content=\"image\/png\" \/>\n<meta name=\"twitter:card\" content=\"summary_large_image\" \/>\n<meta name=\"twitter:label1\" content=\"Est. reading time\" \/>\n\t<meta name=\"twitter:data1\" content=\"1 minute\" \/>\n<script type=\"application\/ld+json\" class=\"yoast-schema-graph\">{\"@context\":\"https:\/\/schema.org\",\"@graph\":[{\"@type\":\"WebPage\",\"@id\":\"https:\/\/rogne.io\/mentions-legales\/\",\"url\":\"https:\/\/rogne.io\/mentions-legales\/\",\"name\":\"Mentions l\u00e9gales - Rogn\u00e9.io - raccourcisseur de liens URL\",\"isPartOf\":{\"@id\":\"https:\/\/rogne.io\/#website\"},\"datePublished\":\"2025-10-14T11:29:54+00:00\",\"dateModified\":\"2025-10-19T12:49:17+00:00\",\"breadcrumb\":{\"@id\":\"https:\/\/rogne.io\/mentions-legales\/#breadcrumb\"},\"inLanguage\":\"en-US\",\"potentialAction\":[{\"@type\":\"ReadAction\",\"target\":[\"https:\/\/rogne.io\/mentions-legales\/\"]}]},{\"@type\":\"BreadcrumbList\",\"@id\":\"https:\/\/rogne.io\/mentions-legales\/#breadcrumb\",\"itemListElement\":[{\"@type\":\"ListItem\",\"position\":1,\"name\":\"Accueil\",\"item\":\"https:\/\/rogne.io\/\"},{\"@type\":\"ListItem\",\"position\":2,\"name\":\"Mentions l\u00e9gales\"}]},{\"@type\":\"WebSite\",\"@id\":\"https:\/\/rogne.io\/#website\",\"url\":\"https:\/\/rogne.io\/\",\"name\":\"Rogn\u00e9.io - raccourcisseur de liens URL\",\"description\":\"Raccourcisseur URL, g\u00e9n\u00e9rateur QR codes\",\"publisher\":{\"@id\":\"https:\/\/rogne.io\/#organization\"},\"alternateName\":\"Rogn\u00e9.io - r\u00e9ducteur URL\",\"potentialAction\":[{\"@type\":\"SearchAction\",\"target\":{\"@type\":\"EntryPoint\",\"urlTemplate\":\"https:\/\/rogne.io\/?s={search_term_string}\"},\"query-input\":{\"@type\":\"PropertyValueSpecification\",\"valueRequired\":true,\"valueName\":\"search_term_string\"}}],\"inLanguage\":\"en-US\"},{\"@type\":\"Organization\",\"@id\":\"https:\/\/rogne.io\/#organization\",\"name\":\"Rogn\u00e9.io - raccourcisseur de liens URL\",\"alternateName\":\"Rogn\u00e9\",\"url\":\"https:\/\/rogne.io\/\",\"logo\":{\"@type\":\"ImageObject\",\"inLanguage\":\"en-US\",\"@id\":\"https:\/\/rogne.io\/#\/schema\/logo\/image\/\",\"url\":\"https:\/\/rogne.io\/wp-content\/uploads\/2025\/10\/Original@3x-scaled.webp\",\"contentUrl\":\"https:\/\/rogne.io\/wp-content\/uploads\/2025\/10\/Original@3x-scaled.webp\",\"width\":2560,\"height\":708,\"caption\":\"Rogn\u00e9.io - raccourcisseur de liens URL\"},\"image\":{\"@id\":\"https:\/\/rogne.io\/#\/schema\/logo\/image\/\"},\"sameAs\":[\"https:\/\/www.linkedin.com\/company\/rogne-io\/\"]}]}<\/script>\n<!-- \/ Yoast SEO plugin. -->","yoast_head_json":{"title":"Mentions l\u00e9gales - Rogn\u00e9.io - raccourcisseur de liens URL","robots":{"index":"index","follow":"follow","max-snippet":"max-snippet:-1","max-image-preview":"max-image-preview:large","max-video-preview":"max-video-preview:-1"},"canonical":"https:\/\/rogne.io\/en\/mentions-legales\/","og_locale":"en_US","og_type":"article","og_title":"Mentions l\u00e9gales - Rogn\u00e9.io - raccourcisseur de liens URL","og_description":"\u00c9diteur du site : Nom de la soci\u00e9t\u00e9 \u00e9ditrice: Dimitri Tonnaire CommunicationEmail : bonjour@rogne.ioSIREN : 842 564 346 H\u00e9bergement : H\u00e9bergeur : HOSTINGER INTERNATIONAL LTD (AS47583)H\u00e9berg\u00e9 en France (Paris)Contact:\u00a0https:\/\/www.hostinger.fr\/contact Responsable de publication : Dimitri Tonnaire Propri\u00e9t\u00e9 intellectuelle : Tous les contenus pr\u00e9sents sur ce site (textes, images, logos, etc.) sont la propri\u00e9t\u00e9 exclusive de Rogn\u00e9.io, [&hellip;]","og_url":"https:\/\/rogne.io\/en\/mentions-legales\/","og_site_name":"Rogn\u00e9.io - raccourcisseur de liens URL","article_modified_time":"2025-10-19T12:49:17+00:00","og_image":[{"width":2400,"height":664,"url":"https:\/\/rogne.io\/wp-content\/uploads\/2025\/10\/Original@2x.png","type":"image\/png"}],"twitter_card":"summary_large_image","twitter_misc":{"Est. reading time":"1 minute"},"schema":{"@context":"https:\/\/schema.org","@graph":[{"@type":"WebPage","@id":"https:\/\/rogne.io\/mentions-legales\/","url":"https:\/\/rogne.io\/mentions-legales\/","name":"Mentions l\u00e9gales - Rogn\u00e9.io - raccourcisseur de liens URL","isPartOf":{"@id":"https:\/\/rogne.io\/#website"},"datePublished":"2025-10-14T11:29:54+00:00","dateModified":"2025-10-19T12:49:17+00:00","breadcrumb":{"@id":"https:\/\/rogne.io\/mentions-legales\/#breadcrumb"},"inLanguage":"en-US","potentialAction":[{"@type":"ReadAction","target":["https:\/\/rogne.io\/mentions-legales\/"]}]},{"@type":"BreadcrumbList","@id":"https:\/\/rogne.io\/mentions-legales\/#breadcrumb","itemListElement":[{"@type":"ListItem","position":1,"name":"Accueil","item":"https:\/\/rogne.io\/"},{"@type":"ListItem","position":2,"name":"Mentions l\u00e9gales"}]},{"@type":"WebSite","@id":"https:\/\/rogne.io\/#website","url":"https:\/\/rogne.io\/","name":"Rogn\u00e9.io - raccourcisseur de liens URL","description":"Raccourcisseur URL, g\u00e9n\u00e9rateur QR codes","publisher":{"@id":"https:\/\/rogne.io\/#organization"},"alternateName":"Rogn\u00e9.io - r\u00e9ducteur URL","potentialAction":[{"@type":"SearchAction","target":{"@type":"EntryPoint","urlTemplate":"https:\/\/rogne.io\/?s={search_term_string}"},"query-input":{"@type":"PropertyValueSpecification","valueRequired":true,"valueName":"search_term_string"}}],"inLanguage":"en-US"},{"@type":"Organization","@id":"https:\/\/rogne.io\/#organization","name":"Rogn\u00e9.io - raccourcisseur de liens URL","alternateName":"Rogn\u00e9","url":"https:\/\/rogne.io\/","logo":{"@type":"ImageObject","inLanguage":"en-US","@id":"https:\/\/rogne.io\/#\/schema\/logo\/image\/","url":"https:\/\/rogne.io\/wp-content\/uploads\/2025\/10\/Original@3x-scaled.webp","contentUrl":"https:\/\/rogne.io\/wp-content\/uploads\/2025\/10\/Original@3x-scaled.webp","width":2560,"height":708,"caption":"Rogn\u00e9.io - raccourcisseur de liens URL"},"image":{"@id":"https:\/\/rogne.io\/#\/schema\/logo\/image\/"},"sameAs":["https:\/\/www.linkedin.com\/company\/rogne-io\/"]}]}},"_links":{"self":[{"href":"https:\/\/rogne.io\/en\/wp-json\/wp\/v2\/pages\/229","targetHints":{"allow":["GET"]}}],"collection":[{"href":"https:\/\/rogne.io\/en\/wp-json\/wp\/v2\/pages"}],"about":[{"href":"https:\/\/rogne.io\/en\/wp-json\/wp\/v2\/types\/page"}],"author":[{"embeddable":true,"href":"https:\/\/rogne.io\/en\/wp-json\/wp\/v2\/users\/1"}],"replies":[{"embeddable":true,"href":"https:\/\/rogne.io\/en\/wp-json\/wp\/v2\/comments?post=229"}],"version-history":[{"count":6,"href":"https:\/\/rogne.io\/en\/wp-json\/wp\/v2\/pages\/229\/revisions"}],"predecessor-version":[{"id":459,"href":"https:\/\/rogne.io\/en\/wp-json\/wp\/v2\/pages\/229\/revisions\/459"}],"wp:attachment":[{"href":"https:\/\/rogne.io\/en\/wp-json\/wp\/v2\/media?parent=229"}],"curies":[{"name":"wp","href":"https:\/\/api.w.org\/{rel}","templated":true}]}}