{"id":421,"date":"2025-10-19T13:10:45","date_gmt":"2025-10-19T11:10:45","guid":{"rendered":"https:\/\/rogne.io\/?page_id=421"},"modified":"2025-10-19T13:15:31","modified_gmt":"2025-10-19T11:15:31","slug":"centre-juridique","status":"publish","type":"page","link":"https:\/\/rogne.io\/en\/centre-juridique\/","title":{"rendered":"Legal center"},"content":{"rendered":"<div data-elementor-type=\"wp-page\" data-elementor-id=\"421\" class=\"elementor elementor-421\" data-elementor-post-type=\"page\">\n\t\t\t\t<div class=\"elementor-element elementor-element-768a9f1 e-flex e-con-boxed e-con e-parent\" data-id=\"768a9f1\" data-element_type=\"container\">\n\t\t\t\t\t<div class=\"e-con-inner\">\n\t\t\t\t<div class=\"elementor-element elementor-element-ac2451c elementor-widget elementor-widget-heading\" data-id=\"ac2451c\" data-element_type=\"widget\" data-widget_type=\"heading.default\">\n\t\t\t\t\t<h2 class=\"elementor-heading-title elementor-size-default\">Legal center<\/h2>\t\t\t\t<\/div>\n\t\t\t\t<div class=\"elementor-element elementor-element-b9a1dd5 elementor-nav-menu--dropdown-none elementor-widget elementor-widget-nav-menu\" data-id=\"b9a1dd5\" data-element_type=\"widget\" id=\"legal-menu\" data-settings=\"{&quot;layout&quot;:&quot;vertical&quot;,&quot;submenu_icon&quot;:{&quot;value&quot;:&quot;&lt;svg aria-hidden=\\&quot;true\\&quot; class=\\&quot;e-font-icon-svg e-fas-caret-down\\&quot; viewBox=\\&quot;0 0 320 512\\&quot; xmlns=\\&quot;http:\\\/\\\/www.w3.org\\\/2000\\\/svg\\&quot;&gt;&lt;path d=\\&quot;M31.3 192h257.3c17.8 0 26.7 21.5 14.1 34.1L174.1 354.8c-7.8 7.8-20.5 7.8-28.3 0L17.2 226.1C4.6 213.5 13.5 192 31.3 192z\\&quot;&gt;&lt;\\\/path&gt;&lt;\\\/svg&gt;&quot;,&quot;library&quot;:&quot;fa-solid&quot;}}\" data-widget_type=\"nav-menu.default\">\n\t\t\t\t\t\t\t\t<nav aria-label=\"Menu\" class=\"elementor-nav-menu--main elementor-nav-menu__container elementor-nav-menu--layout-vertical e--pointer-background e--animation-fade\">\n\t\t\t\t<ul id=\"menu-1-b9a1dd5\" class=\"elementor-nav-menu sm-vertical\"><li class=\"menu-item menu-item-type-post_type menu-item-object-page menu-item-257\"><a href=\"https:\/\/rogne.io\/en\/tarifs\/\" class=\"elementor-item\">Pricing<\/a><\/li>\n<li class=\"menu-item menu-item-type-post_type menu-item-object-page menu-item-privacy-policy menu-item-238\"><a rel=\"privacy-policy\" href=\"https:\/\/rogne.io\/en\/politique-de-confidentialite\/\" class=\"elementor-item\">Privacy policy<\/a><\/li>\n<li class=\"menu-item menu-item-type-post_type menu-item-object-page menu-item-237\"><a href=\"https:\/\/rogne.io\/en\/mentions-legales\/\" class=\"elementor-item\">Legal notices<\/a><\/li>\n<li class=\"menu-item menu-item-type-post_type menu-item-object-page menu-item-236\"><a href=\"https:\/\/rogne.io\/en\/conditions-generales-de-vente-cgv\/\" class=\"elementor-item\">Terms and Conditions of Sale (T&amp;Cs)<\/a><\/li>\n<li class=\"menu-item menu-item-type-post_type menu-item-object-page menu-item-295\"><a href=\"https:\/\/rogne.io\/en\/contact\/\" class=\"elementor-item\">Contact us<\/a><\/li>\n<\/ul>\t\t\t<\/nav>\n\t\t\t\t\t\t<nav class=\"elementor-nav-menu--dropdown elementor-nav-menu__container\" aria-hidden=\"true\">\n\t\t\t\t<ul id=\"menu-2-b9a1dd5\" class=\"elementor-nav-menu sm-vertical\"><li class=\"menu-item menu-item-type-post_type menu-item-object-page menu-item-257\"><a href=\"https:\/\/rogne.io\/en\/tarifs\/\" class=\"elementor-item\" tabindex=\"-1\">Pricing<\/a><\/li>\n<li class=\"menu-item menu-item-type-post_type menu-item-object-page menu-item-privacy-policy menu-item-238\"><a rel=\"privacy-policy\" href=\"https:\/\/rogne.io\/en\/politique-de-confidentialite\/\" class=\"elementor-item\" tabindex=\"-1\">Privacy policy<\/a><\/li>\n<li class=\"menu-item menu-item-type-post_type menu-item-object-page menu-item-237\"><a href=\"https:\/\/rogne.io\/en\/mentions-legales\/\" class=\"elementor-item\" tabindex=\"-1\">Legal notices<\/a><\/li>\n<li class=\"menu-item menu-item-type-post_type menu-item-object-page menu-item-236\"><a href=\"https:\/\/rogne.io\/en\/conditions-generales-de-vente-cgv\/\" class=\"elementor-item\" tabindex=\"-1\">Terms and Conditions of Sale (T&amp;Cs)<\/a><\/li>\n<li class=\"menu-item menu-item-type-post_type menu-item-object-page menu-item-295\"><a href=\"https:\/\/rogne.io\/en\/contact\/\" class=\"elementor-item\" tabindex=\"-1\">Contact us<\/a><\/li>\n<\/ul>\t\t\t<\/nav>\n\t\t\t\t\t\t<\/div>\n\t\t\t\t\t<\/div>\n\t\t\t\t<\/div>\n\t\t\t\t<\/div>","protected":false},"excerpt":{"rendered":"<p>Legal center<\/p>","protected":false},"author":1,"featured_media":0,"parent":0,"menu_order":0,"comment_status":"closed","ping_status":"closed","template":"elementor_header_footer","meta":{"_acf_changed":false,"footnotes":""},"class_list":["post-421","page","type-page","status-publish","hentry"],"acf":[],"yoast_head":"<!-- This site is optimized with the Yoast SEO plugin v26.6 - https:\/\/yoast.com\/wordpress\/plugins\/seo\/ -->\n<title>Centre juridique - Rogn\u00e9.io - raccourcisseur de liens URL<\/title>\n<meta name=\"robots\" content=\"index, follow, max-snippet:-1, max-image-preview:large, max-video-preview:-1\" \/>\n<link rel=\"canonical\" href=\"https:\/\/rogne.io\/en\/centre-juridique\/\" \/>\n<meta property=\"og:locale\" content=\"en_US\" \/>\n<meta property=\"og:type\" content=\"article\" \/>\n<meta property=\"og:title\" content=\"Centre juridique - Rogn\u00e9.io - raccourcisseur de liens URL\" \/>\n<meta property=\"og:description\" content=\"Centre juridique\" \/>\n<meta property=\"og:url\" content=\"https:\/\/rogne.io\/en\/centre-juridique\/\" \/>\n<meta property=\"og:site_name\" content=\"Rogn\u00e9.io - raccourcisseur de liens URL\" \/>\n<meta property=\"article:modified_time\" content=\"2025-10-19T11:15:31+00:00\" \/>\n<meta property=\"og:image\" content=\"https:\/\/rogne.io\/wp-content\/uploads\/2025\/10\/Original@2x.png\" \/>\n\t<meta property=\"og:image:width\" content=\"2400\" \/>\n\t<meta property=\"og:image:height\" content=\"664\" \/>\n\t<meta property=\"og:image:type\" content=\"image\/png\" \/>\n<meta name=\"twitter:card\" content=\"summary_large_image\" \/>\n<meta name=\"twitter:label1\" content=\"Est. reading time\" \/>\n\t<meta name=\"twitter:data1\" content=\"1 minute\" \/>\n<script type=\"application\/ld+json\" class=\"yoast-schema-graph\">{\"@context\":\"https:\/\/schema.org\",\"@graph\":[{\"@type\":\"WebPage\",\"@id\":\"https:\/\/rogne.io\/centre-juridique\/\",\"url\":\"https:\/\/rogne.io\/centre-juridique\/\",\"name\":\"Centre juridique - Rogn\u00e9.io - raccourcisseur de liens URL\",\"isPartOf\":{\"@id\":\"https:\/\/rogne.io\/#website\"},\"datePublished\":\"2025-10-19T11:10:45+00:00\",\"dateModified\":\"2025-10-19T11:15:31+00:00\",\"breadcrumb\":{\"@id\":\"https:\/\/rogne.io\/centre-juridique\/#breadcrumb\"},\"inLanguage\":\"en-US\",\"potentialAction\":[{\"@type\":\"ReadAction\",\"target\":[\"https:\/\/rogne.io\/centre-juridique\/\"]}]},{\"@type\":\"BreadcrumbList\",\"@id\":\"https:\/\/rogne.io\/centre-juridique\/#breadcrumb\",\"itemListElement\":[{\"@type\":\"ListItem\",\"position\":1,\"name\":\"Accueil\",\"item\":\"https:\/\/rogne.io\/\"},{\"@type\":\"ListItem\",\"position\":2,\"name\":\"Centre juridique\"}]},{\"@type\":\"WebSite\",\"@id\":\"https:\/\/rogne.io\/#website\",\"url\":\"https:\/\/rogne.io\/\",\"name\":\"Rogn\u00e9.io - raccourcisseur de liens URL\",\"description\":\"Raccourcisseur URL, g\u00e9n\u00e9rateur QR codes\",\"publisher\":{\"@id\":\"https:\/\/rogne.io\/#organization\"},\"alternateName\":\"Rogn\u00e9.io - r\u00e9ducteur URL\",\"potentialAction\":[{\"@type\":\"SearchAction\",\"target\":{\"@type\":\"EntryPoint\",\"urlTemplate\":\"https:\/\/rogne.io\/?s={search_term_string}\"},\"query-input\":{\"@type\":\"PropertyValueSpecification\",\"valueRequired\":true,\"valueName\":\"search_term_string\"}}],\"inLanguage\":\"en-US\"},{\"@type\":\"Organization\",\"@id\":\"https:\/\/rogne.io\/#organization\",\"name\":\"Rogn\u00e9.io - raccourcisseur de liens URL\",\"alternateName\":\"Rogn\u00e9\",\"url\":\"https:\/\/rogne.io\/\",\"logo\":{\"@type\":\"ImageObject\",\"inLanguage\":\"en-US\",\"@id\":\"https:\/\/rogne.io\/#\/schema\/logo\/image\/\",\"url\":\"https:\/\/rogne.io\/wp-content\/uploads\/2025\/10\/Original@3x-scaled.webp\",\"contentUrl\":\"https:\/\/rogne.io\/wp-content\/uploads\/2025\/10\/Original@3x-scaled.webp\",\"width\":2560,\"height\":708,\"caption\":\"Rogn\u00e9.io - raccourcisseur de liens URL\"},\"image\":{\"@id\":\"https:\/\/rogne.io\/#\/schema\/logo\/image\/\"},\"sameAs\":[\"https:\/\/www.linkedin.com\/company\/rogne-io\/\"]}]}<\/script>\n<!-- \/ Yoast SEO plugin. -->","yoast_head_json":{"title":"Centre juridique - Rogn\u00e9.io - raccourcisseur de liens URL","robots":{"index":"index","follow":"follow","max-snippet":"max-snippet:-1","max-image-preview":"max-image-preview:large","max-video-preview":"max-video-preview:-1"},"canonical":"https:\/\/rogne.io\/en\/centre-juridique\/","og_locale":"en_US","og_type":"article","og_title":"Centre juridique - Rogn\u00e9.io - raccourcisseur de liens URL","og_description":"Centre juridique","og_url":"https:\/\/rogne.io\/en\/centre-juridique\/","og_site_name":"Rogn\u00e9.io - raccourcisseur de liens URL","article_modified_time":"2025-10-19T11:15:31+00:00","og_image":[{"width":2400,"height":664,"url":"https:\/\/rogne.io\/wp-content\/uploads\/2025\/10\/Original@2x.png","type":"image\/png"}],"twitter_card":"summary_large_image","twitter_misc":{"Est. reading time":"1 minute"},"schema":{"@context":"https:\/\/schema.org","@graph":[{"@type":"WebPage","@id":"https:\/\/rogne.io\/centre-juridique\/","url":"https:\/\/rogne.io\/centre-juridique\/","name":"Centre juridique - Rogn\u00e9.io - raccourcisseur de liens URL","isPartOf":{"@id":"https:\/\/rogne.io\/#website"},"datePublished":"2025-10-19T11:10:45+00:00","dateModified":"2025-10-19T11:15:31+00:00","breadcrumb":{"@id":"https:\/\/rogne.io\/centre-juridique\/#breadcrumb"},"inLanguage":"en-US","potentialAction":[{"@type":"ReadAction","target":["https:\/\/rogne.io\/centre-juridique\/"]}]},{"@type":"BreadcrumbList","@id":"https:\/\/rogne.io\/centre-juridique\/#breadcrumb","itemListElement":[{"@type":"ListItem","position":1,"name":"Accueil","item":"https:\/\/rogne.io\/"},{"@type":"ListItem","position":2,"name":"Centre juridique"}]},{"@type":"WebSite","@id":"https:\/\/rogne.io\/#website","url":"https:\/\/rogne.io\/","name":"Rogn\u00e9.io - raccourcisseur de liens URL","description":"Raccourcisseur URL, g\u00e9n\u00e9rateur QR codes","publisher":{"@id":"https:\/\/rogne.io\/#organization"},"alternateName":"Rogn\u00e9.io - r\u00e9ducteur URL","potentialAction":[{"@type":"SearchAction","target":{"@type":"EntryPoint","urlTemplate":"https:\/\/rogne.io\/?s={search_term_string}"},"query-input":{"@type":"PropertyValueSpecification","valueRequired":true,"valueName":"search_term_string"}}],"inLanguage":"en-US"},{"@type":"Organization","@id":"https:\/\/rogne.io\/#organization","name":"Rogn\u00e9.io - raccourcisseur de liens URL","alternateName":"Rogn\u00e9","url":"https:\/\/rogne.io\/","logo":{"@type":"ImageObject","inLanguage":"en-US","@id":"https:\/\/rogne.io\/#\/schema\/logo\/image\/","url":"https:\/\/rogne.io\/wp-content\/uploads\/2025\/10\/Original@3x-scaled.webp","contentUrl":"https:\/\/rogne.io\/wp-content\/uploads\/2025\/10\/Original@3x-scaled.webp","width":2560,"height":708,"caption":"Rogn\u00e9.io - raccourcisseur de liens URL"},"image":{"@id":"https:\/\/rogne.io\/#\/schema\/logo\/image\/"},"sameAs":["https:\/\/www.linkedin.com\/company\/rogne-io\/"]}]}},"_links":{"self":[{"href":"https:\/\/rogne.io\/en\/wp-json\/wp\/v2\/pages\/421","targetHints":{"allow":["GET"]}}],"collection":[{"href":"https:\/\/rogne.io\/en\/wp-json\/wp\/v2\/pages"}],"about":[{"href":"https:\/\/rogne.io\/en\/wp-json\/wp\/v2\/types\/page"}],"author":[{"embeddable":true,"href":"https:\/\/rogne.io\/en\/wp-json\/wp\/v2\/users\/1"}],"replies":[{"embeddable":true,"href":"https:\/\/rogne.io\/en\/wp-json\/wp\/v2\/comments?post=421"}],"version-history":[{"count":7,"href":"https:\/\/rogne.io\/en\/wp-json\/wp\/v2\/pages\/421\/revisions"}],"predecessor-version":[{"id":429,"href":"https:\/\/rogne.io\/en\/wp-json\/wp\/v2\/pages\/421\/revisions\/429"}],"wp:attachment":[{"href":"https:\/\/rogne.io\/en\/wp-json\/wp\/v2\/media?parent=421"}],"curies":[{"name":"wp","href":"https:\/\/api.w.org\/{rel}","templated":true}]}}